{"id":13,"date":"2022-04-01T13:49:47","date_gmt":"2022-04-01T13:49:47","guid":{"rendered":"https:\/\/notea-conseil.fr\/?page_id=13"},"modified":"2023-01-20T17:04:44","modified_gmt":"2023-01-20T17:04:44","slug":"historique","status":"publish","type":"page","link":"https:\/\/notea-conseil.fr\/index.php\/historique\/","title":{"rendered":"Historique"},"content":{"rendered":"\n<p><strong>Not\u00e9a Conseil<\/strong>&nbsp;est n\u00e9e en janvier 2016 alors que la loi croissance allait modifier les r\u00e8gles du jeu de la concurrence pour des professions r\u00e8glement\u00e9es.<\/p>\n\n\n\n<p>Le constat \u00e9tait que les professionnels lib\u00e9raux devaient faire muter leur ADN pour s\u2019adapter au nouveau contexte et voir ce changement comme une opportunit\u00e9. C\u2019est la raison pour laquelle&nbsp;<strong>Not\u00e9a Conseil<\/strong>&nbsp;a \u00e9t\u00e9 cr\u00e9\u00e9e.<\/p>\n\n\n\n<p><strong>NOTEA<\/strong> signifie : <strong>N<\/strong>ouvelles <strong>O<\/strong>pportunit\u00e9s <strong>T<\/strong>ransformer <strong>E<\/strong>t <strong>A<\/strong>ccompagner. Elle accompagne principalement les professions r\u00e8glement\u00e9es juridiques (notaires&#8230;) et m\u00e9dicales (laboratoires&#8230;)<\/p>\n\n\n\n<p class=\"has-text-align-left\">Depuis sa cr\u00e9ation,<strong>&nbsp;Not\u00e9a Conseil<\/strong>&nbsp;travaille de concert avec plusieurs partenaires pour offrir une palette de professionnels comp\u00e9tents dans le cadre de sa mission d\u2019accompagnement. Elle coordonne alors les missions des uns et des autres pour faire gagner du temps \u00e0 ses clients dans la mise en oeuvre de solutions. Dans le cadre des restructurations, l\u2019appui et la comp\u00e9tence de conseils sp\u00e9cialis\u00e9s est un vrai plus. C&rsquo;est pourquoi nous travaillons en \u00e9troite relation avec avec plusieurs professionnels du secteur.<\/p>\n\n\n\n<p>Accompagnant initialement des notaires, Not\u00e9a Conseil est r\u00e9f\u00e9renc\u00e9 par le Conseil Sup\u00e9rieur du Notariat depuis 2016 et continue \u00e0 ce jour d&rsquo;animer des formations au sein des chambres d\u00e9partementales, interd\u00e9partementales et conseils r\u00e9gionaux des notaires.<\/p>\n\n\n\n<p>Par ailleurs, afin de se conformer \u00e0 des objectifs qualitatifs, nous suivons une d\u00e9marche de qualification. Cette d\u00e9marche permet de mieux accompagner nos clients et illustre notre valeur d&rsquo;<strong>int\u00e9grit\u00e9.<\/strong><\/p>\n\n\n\n<p>La <strong>curiosit\u00e9<\/strong>, la <strong>remise en question<\/strong> \u00e9tant indispensables pour se renouveler, et apporter des angles de vues diff\u00e9rents, la formation est au coeur de notre processus.<\/p>\n\n\n\n<p><\/p>\n","protected":false},"excerpt":{"rendered":"<p>Not\u00e9a Conseil&nbsp;est n\u00e9e en janvier 2016 alors que la loi croissance allait modifier les r\u00e8gles du jeu de la concurrence pour des professions r\u00e8glement\u00e9es. Le constat \u00e9tait que les professionnels lib\u00e9raux devaient faire muter leur ADN pour s\u2019adapter au nouveau contexte et voir ce changement comme une opportunit\u00e9. C\u2019est la [&hellip;]<\/p>\n","protected":false},"author":1,"featured_media":0,"parent":0,"menu_order":0,"comment_status":"closed","ping_status":"closed","template":"","meta":{"footnotes":""},"class_list":["post-13","page","type-page","status-publish","hentry"],"_links":{"self":[{"href":"https:\/\/notea-conseil.fr\/index.php\/wp-json\/wp\/v2\/pages\/13","targetHints":{"allow":["GET"]}}],"collection":[{"href":"https:\/\/notea-conseil.fr\/index.php\/wp-json\/wp\/v2\/pages"}],"about":[{"href":"https:\/\/notea-conseil.fr\/index.php\/wp-json\/wp\/v2\/types\/page"}],"author":[{"embeddable":true,"href":"https:\/\/notea-conseil.fr\/index.php\/wp-json\/wp\/v2\/users\/1"}],"replies":[{"embeddable":true,"href":"https:\/\/notea-conseil.fr\/index.php\/wp-json\/wp\/v2\/comments?post=13"}],"version-history":[{"count":7,"href":"https:\/\/notea-conseil.fr\/index.php\/wp-json\/wp\/v2\/pages\/13\/revisions"}],"predecessor-version":[{"id":141,"href":"https:\/\/notea-conseil.fr\/index.php\/wp-json\/wp\/v2\/pages\/13\/revisions\/141"}],"wp:attachment":[{"href":"https:\/\/notea-conseil.fr\/index.php\/wp-json\/wp\/v2\/media?parent=13"}],"curies":[{"name":"wp","href":"https:\/\/api.w.org\/{rel}","templated":true}]}}