{"id":38,"date":"2022-04-01T14:32:46","date_gmt":"2022-04-01T14:32:46","guid":{"rendered":"https:\/\/notea-conseil.fr\/?page_id=38"},"modified":"2022-10-25T12:47:11","modified_gmt":"2022-10-25T12:47:11","slug":"nos-missions","status":"publish","type":"page","link":"https:\/\/notea-conseil.fr\/index.php\/nos-missions\/","title":{"rendered":"nos missions"},"content":{"rendered":"\n<p><strong>Not\u00e9a Conseil<\/strong> peut vous accompagner sur :<\/p>\n\n\n\n<ul class=\"wp-block-list\"><li><strong>l\u2019association<\/strong>\u00a0: choisir un ou plusieurs nouveaux associ\u00e9.es, valider les \u00e9l\u00e9ments d&rsquo;optimisation de la r\u00e9ussite d&rsquo;une future association et\/ou rapprochement avec une autre entit\u00e9, travailler sur l&rsquo;identit\u00e9 de l&rsquo;organisation, d\u00e9finir un projet commun et le mettre oeuvre, <\/li><li><strong>la gouvernance <\/strong>: travail sur la r\u00e9partition des pouvoirs au sein de l&rsquo;organisation, d\u00e9finir les modalit\u00e9s d\u00e9cisionnelles en coh\u00e9rence avec le projet et les besoins du secteur d&rsquo;activit\u00e9,<\/li><li><strong>la restructuration<\/strong> : mise en soci\u00e9t\u00e9, changement de forme sociale, op\u00e9ration capitalistique en lien avec des partenaires sp\u00e9cialistes, travail sur les \u00e9l\u00e9ments qui permettront de p\u00e9renniser les d\u00e9cisions, <\/li><li><strong>l\u2019organisation<\/strong> : valider la coh\u00e9rence entre la strat\u00e9gie et l&rsquo;organisation interne, implication des \u00e9quipes en place pour assurer la fluidit\u00e9 des process, et renforcer l&rsquo;acceptation des changements propos\u00e9s,<\/li><li><strong>la coh\u00e9sion d\u2019\u00e9quipe<\/strong> : assurer que l&rsquo;ensemble des membre partage le projet des associ\u00e9s, que l&rsquo;entraide soit pr\u00e9sente, faire en sorte que la dynamique d&rsquo;\u00e9quipe soit impliquante et facteur d&rsquo;attractivit\u00e9, animation afin de renforcer le lien interne et travailler sur des aspects sp\u00e9cifiques en fonction des besoins,<\/li><li><strong>la r\u00e9mun\u00e9ration<\/strong> : d\u00e9finir les bases de la r\u00e9mun\u00e9ration selon une philosophie partag\u00e9e par tous les associ\u00e9s, valider sa faisabilit\u00e9 au regard des \u00e9l\u00e9ments \u00e9conomiques puis la traduire dans les outils juridiques,<\/li><li><strong>la formation<\/strong> pour les instances en inter-entreprises ou en intra entreprise.<\/li><\/ul>\n\n\n\n<figure class=\"wp-block-gallery has-nested-images columns-default is-cropped wp-block-gallery-1 is-layout-flex wp-block-gallery-is-layout-flex\"><\/figure>\n","protected":false},"excerpt":{"rendered":"<p>Not\u00e9a Conseil peut vous accompagner sur : l\u2019association\u00a0: choisir un ou plusieurs nouveaux associ\u00e9.es, valider les \u00e9l\u00e9ments d&rsquo;optimisation de la r\u00e9ussite d&rsquo;une future association et\/ou rapprochement avec une autre entit\u00e9, travailler sur l&rsquo;identit\u00e9 de l&rsquo;organisation, d\u00e9finir un projet commun et le mettre oeuvre, la gouvernance : travail sur la r\u00e9partition [&hellip;]<\/p>\n","protected":false},"author":1,"featured_media":106,"parent":0,"menu_order":0,"comment_status":"closed","ping_status":"closed","template":"","meta":{"footnotes":""},"class_list":["post-38","page","type-page","status-publish","has-post-thumbnail","hentry"],"_links":{"self":[{"href":"https:\/\/notea-conseil.fr\/index.php\/wp-json\/wp\/v2\/pages\/38","targetHints":{"allow":["GET"]}}],"collection":[{"href":"https:\/\/notea-conseil.fr\/index.php\/wp-json\/wp\/v2\/pages"}],"about":[{"href":"https:\/\/notea-conseil.fr\/index.php\/wp-json\/wp\/v2\/types\/page"}],"author":[{"embeddable":true,"href":"https:\/\/notea-conseil.fr\/index.php\/wp-json\/wp\/v2\/users\/1"}],"replies":[{"embeddable":true,"href":"https:\/\/notea-conseil.fr\/index.php\/wp-json\/wp\/v2\/comments?post=38"}],"version-history":[{"count":10,"href":"https:\/\/notea-conseil.fr\/index.php\/wp-json\/wp\/v2\/pages\/38\/revisions"}],"predecessor-version":[{"id":128,"href":"https:\/\/notea-conseil.fr\/index.php\/wp-json\/wp\/v2\/pages\/38\/revisions\/128"}],"wp:featuredmedia":[{"embeddable":true,"href":"https:\/\/notea-conseil.fr\/index.php\/wp-json\/wp\/v2\/media\/106"}],"wp:attachment":[{"href":"https:\/\/notea-conseil.fr\/index.php\/wp-json\/wp\/v2\/media?parent=38"}],"curies":[{"name":"wp","href":"https:\/\/api.w.org\/{rel}","templated":true}]}}