{"id":39,"date":"2022-04-01T14:32:46","date_gmt":"2022-04-01T14:32:46","guid":{"rendered":"https:\/\/notea-conseil.fr\/?page_id=39"},"modified":"2022-10-25T12:27:32","modified_gmt":"2022-10-25T12:27:32","slug":"contact","status":"publish","type":"page","link":"https:\/\/notea-conseil.fr\/index.php\/contact\/","title":{"rendered":"contact"},"content":{"rendered":"\n<p>Vous pouvez nous contacter :<\/p>\n\n\n\n<p>Par t\u00e9l\u00e9phone au 06.14.38.06.72<\/p>\n\n\n\n<p>Par e-mail : <a href=\"mailto:info@notea-conseil.fr\">info@notea-conseil.fr<\/a>  <\/p>\n\n\n\n<p>Par courrier : 3 bis rue de l&rsquo;Ile de R\u00e9 &#8211; 44 980 STE LUCE SUR LOIRE<\/p>\n\n\n\n<figure class=\"wp-block-gallery has-nested-images columns-default is-cropped wp-block-gallery-1 is-layout-flex wp-block-gallery-is-layout-flex\">\n<figure class=\"wp-block-image size-full is-style-rounded\"><img loading=\"lazy\" decoding=\"async\" width=\"801\" height=\"1200\" data-id=\"98\" src=\"https:\/\/notea-conseil.fr\/wp-content\/uploads\/2022\/10\/DSC2828-1.jpg\" alt=\"\" class=\"wp-image-98\" srcset=\"https:\/\/notea-conseil.fr\/wp-content\/uploads\/2022\/10\/DSC2828-1.jpg 801w, https:\/\/notea-conseil.fr\/wp-content\/uploads\/2022\/10\/DSC2828-1-200x300.jpg 200w, https:\/\/notea-conseil.fr\/wp-content\/uploads\/2022\/10\/DSC2828-1-684x1024.jpg 684w, https:\/\/notea-conseil.fr\/wp-content\/uploads\/2022\/10\/DSC2828-1-768x1151.jpg 768w\" sizes=\"auto, (max-width: 801px) 100vw, 801px\" \/><\/figure>\n<\/figure>\n","protected":false},"excerpt":{"rendered":"<p>Vous pouvez nous contacter : Par t\u00e9l\u00e9phone au 06.14.38.06.72 Par e-mail : info@notea-conseil.fr Par courrier : 3 bis rue de l&rsquo;Ile de R\u00e9 &#8211; 44 980 STE LUCE SUR LOIRE<\/p>\n","protected":false},"author":1,"featured_media":91,"parent":0,"menu_order":0,"comment_status":"closed","ping_status":"closed","template":"","meta":{"footnotes":""},"class_list":["post-39","page","type-page","status-publish","has-post-thumbnail","hentry"],"_links":{"self":[{"href":"https:\/\/notea-conseil.fr\/index.php\/wp-json\/wp\/v2\/pages\/39","targetHints":{"allow":["GET"]}}],"collection":[{"href":"https:\/\/notea-conseil.fr\/index.php\/wp-json\/wp\/v2\/pages"}],"about":[{"href":"https:\/\/notea-conseil.fr\/index.php\/wp-json\/wp\/v2\/types\/page"}],"author":[{"embeddable":true,"href":"https:\/\/notea-conseil.fr\/index.php\/wp-json\/wp\/v2\/users\/1"}],"replies":[{"embeddable":true,"href":"https:\/\/notea-conseil.fr\/index.php\/wp-json\/wp\/v2\/comments?post=39"}],"version-history":[{"count":7,"href":"https:\/\/notea-conseil.fr\/index.php\/wp-json\/wp\/v2\/pages\/39\/revisions"}],"predecessor-version":[{"id":119,"href":"https:\/\/notea-conseil.fr\/index.php\/wp-json\/wp\/v2\/pages\/39\/revisions\/119"}],"wp:featuredmedia":[{"embeddable":true,"href":"https:\/\/notea-conseil.fr\/index.php\/wp-json\/wp\/v2\/media\/91"}],"wp:attachment":[{"href":"https:\/\/notea-conseil.fr\/index.php\/wp-json\/wp\/v2\/media?parent=39"}],"curies":[{"name":"wp","href":"https:\/\/api.w.org\/{rel}","templated":true}]}}