{"id":74,"date":"2022-04-01T15:42:39","date_gmt":"2022-04-01T15:42:39","guid":{"rendered":"https:\/\/notea-conseil.fr\/?page_id=74"},"modified":"2022-10-25T12:50:36","modified_gmt":"2022-10-25T12:50:36","slug":"demarche","status":"publish","type":"page","link":"https:\/\/notea-conseil.fr\/index.php\/demarche\/","title":{"rendered":"D\u00e9marche"},"content":{"rendered":"\n<p><strong>Not\u00e9a Conseil<\/strong>\u00a0d\u00e9couvre chaque entreprise et s\u2019adapte aux besoins. En fonction de ceux-ci, nous vous proposons une mission. Chaque mission suppose la confiance r\u00e9ciproque des parties. Not\u00e9a Conseil agit au nom et pour le compte d&rsquo;une entit\u00e9, donc pour le collectif, et non dans l&rsquo;int\u00e9r\u00eat d&rsquo;une personne en particulier.<\/p>\n\n\n\n<p>Nous r\u00e9alisons des audits individuels afin de diagnostiquer les probl\u00e9matiques puis nous vous accompagnons pour trouver des solutions et les d\u00e9ployer.<\/p>\n\n\n\n<p>Afin que vous puissiez b\u00e9n\u00e9ficier des meilleures comp\u00e9tences, nous travaillons en partenariat avec vos conseils, et, dans le cas o\u00f9 vous en auriez besoin, nous vous proposons des professionnels s\u00e9lectionn\u00e9s.<\/p>\n\n\n\n<p>L\u2019objectif est de faire en sorte que vous concoctiez vos solutions, nous sommes l\u00e0 pour vous guider avec l\u2019expertise acquise, et que ce soit un travail d\u2019\u00e9quipe.<\/p>\n\n\n\n<p class=\"has-text-align-left has-white-background-color has-background\">Nous pouvons accompagner les associ\u00e9s, mais aussi les \u00e9quipes pour que les collaborateurs soient impliqu\u00e9s et moteur dans l\u2019organisation.<\/p>\n\n\n\n<p>En fonction de vos besoins, nous r\u00e9alisons un travail initial et un suivi r\u00e9gulier dans le temps ou une mission ponctuelle.<\/p>\n\n\n\n<p>Not\u00e9a Conseil est une bo\u00eete \u00e0 outils qui vous permet de trouver directement ou via le r\u00e9seau mis \u00e0 disposition des interlocuteurs cibl\u00e9s en fonction de vos besoins (expert-comptable, avocat, agence de communication, recruteur&#8230;)<\/p>\n","protected":false},"excerpt":{"rendered":"<p>Not\u00e9a Conseil\u00a0d\u00e9couvre chaque entreprise et s\u2019adapte aux besoins. En fonction de ceux-ci, nous vous proposons une mission. Chaque mission suppose la confiance r\u00e9ciproque des parties. Not\u00e9a Conseil agit au nom et pour le compte d&rsquo;une entit\u00e9, donc pour le collectif, et non dans l&rsquo;int\u00e9r\u00eat d&rsquo;une personne en particulier. Nous r\u00e9alisons [&hellip;]<\/p>\n","protected":false},"author":1,"featured_media":95,"parent":0,"menu_order":0,"comment_status":"closed","ping_status":"closed","template":"","meta":{"footnotes":""},"class_list":["post-74","page","type-page","status-publish","has-post-thumbnail","hentry"],"_links":{"self":[{"href":"https:\/\/notea-conseil.fr\/index.php\/wp-json\/wp\/v2\/pages\/74","targetHints":{"allow":["GET"]}}],"collection":[{"href":"https:\/\/notea-conseil.fr\/index.php\/wp-json\/wp\/v2\/pages"}],"about":[{"href":"https:\/\/notea-conseil.fr\/index.php\/wp-json\/wp\/v2\/types\/page"}],"author":[{"embeddable":true,"href":"https:\/\/notea-conseil.fr\/index.php\/wp-json\/wp\/v2\/users\/1"}],"replies":[{"embeddable":true,"href":"https:\/\/notea-conseil.fr\/index.php\/wp-json\/wp\/v2\/comments?post=74"}],"version-history":[{"count":4,"href":"https:\/\/notea-conseil.fr\/index.php\/wp-json\/wp\/v2\/pages\/74\/revisions"}],"predecessor-version":[{"id":130,"href":"https:\/\/notea-conseil.fr\/index.php\/wp-json\/wp\/v2\/pages\/74\/revisions\/130"}],"wp:featuredmedia":[{"embeddable":true,"href":"https:\/\/notea-conseil.fr\/index.php\/wp-json\/wp\/v2\/media\/95"}],"wp:attachment":[{"href":"https:\/\/notea-conseil.fr\/index.php\/wp-json\/wp\/v2\/media?parent=74"}],"curies":[{"name":"wp","href":"https:\/\/api.w.org\/{rel}","templated":true}]}}